{"id":1767,"date":"2023-11-25T20:59:08","date_gmt":"2023-11-25T20:59:08","guid":{"rendered":"https:\/\/fechometal.com\/br\/?page_id=1767"},"modified":"2024-07-06T13:18:16","modified_gmt":"2024-07-06T13:18:16","slug":"suporte-castanha-braquete-reta-inox","status":"publish","type":"page","link":"https:\/\/fechometal.com\/br\/suporte-castanha-braquete-reta-inox\/","title":{"rendered":"Castanha Braquete Reto"},"content":{"rendered":"","protected":false},"excerpt":{"rendered":"","protected":false},"author":1,"featured_media":1769,"parent":0,"menu_order":0,"comment_status":"closed","ping_status":"closed","template":"","meta":{"content-type":"","_joinchat":[],"footnotes":""},"class_list":["post-1767","page","type-page","status-publish","has-post-thumbnail","hentry"],"yoast_head":"<!-- This site is optimized with the Yoast SEO Premium plugin v26.8 (Yoast SEO v24.8.1) - https:\/\/yoast.com\/wordpress\/plugins\/seo\/ -->\n<title>Suporte Castanha Braquete Reto - Fechometal Brasil<\/title>\n<meta name=\"description\" content=\"Juntamente com fecho e fita, a Castanha Reta \u00e9 utilizada para fixar placas ou outros elementos ao poste, dispon\u00edveis em A\u00e7o Inox e Galvanizado.\" \/>\n<meta name=\"robots\" content=\"index, follow, max-snippet:-1, max-image-preview:large, max-video-preview:-1\" \/>\n<link rel=\"canonical\" href=\"https:\/\/fechometal.com\/br\/suporte-castanha-braquete-reta-inox\/\" \/>\n<meta property=\"og:locale\" content=\"pt_BR\" \/>\n<meta property=\"og:type\" content=\"article\" \/>\n<meta property=\"og:title\" content=\"Suporte Castanha Braquete Reto - Fechometal Brasil\" \/>\n<meta property=\"og:description\" content=\"Juntamente com fecho e fita, a Castanha Reta \u00e9 utilizada para fixar placas ou outros elementos ao poste, dispon\u00edveis em A\u00e7o Inox e Galvanizado.\" \/>\n<meta property=\"og:url\" content=\"https:\/\/fechometal.com\/br\/suporte-castanha-braquete-reta-inox\/\" \/>\n<meta property=\"og:site_name\" content=\"Fechometal Brasil\" \/>\n<meta property=\"article:publisher\" content=\"https:\/\/www.facebook.com\/fechometal\/\" \/>\n<meta property=\"article:modified_time\" content=\"2024-07-06T13:18:16+00:00\" \/>\n<meta property=\"og:image\" content=\"https:\/\/fechometal.com\/br\/wp-content\/uploads\/2023\/11\/straight-leg-brackets-quad.jpg\" \/>\n\t<meta property=\"og:image:width\" content=\"300\" \/>\n\t<meta property=\"og:image:height\" content=\"300\" \/>\n\t<meta property=\"og:image:type\" content=\"image\/jpeg\" \/>\n<meta name=\"twitter:card\" content=\"summary_large_image\" \/>\n<meta name=\"twitter:label1\" content=\"Est. tempo de leitura\" \/>\n\t<meta name=\"twitter:data1\" content=\"1 minuto\" \/>\n<script type=\"application\/ld+json\" class=\"yoast-schema-graph\">{\"@context\":\"https:\/\/schema.org\",\"@graph\":[{\"@type\":\"WebPage\",\"@id\":\"https:\/\/fechometal.com\/br\/suporte-castanha-braquete-reta-inox\/\",\"url\":\"https:\/\/fechometal.com\/br\/suporte-castanha-braquete-reta-inox\/\",\"name\":\"Suporte Castanha Braquete Reto - Fechometal Brasil\",\"isPartOf\":{\"@id\":\"https:\/\/fechometal.com\/br\/#website\"},\"primaryImageOfPage\":{\"@id\":\"https:\/\/fechometal.com\/br\/suporte-castanha-braquete-reta-inox\/#primaryimage\"},\"image\":{\"@id\":\"https:\/\/fechometal.com\/br\/suporte-castanha-braquete-reta-inox\/#primaryimage\"},\"thumbnailUrl\":\"https:\/\/fechometal.com\/br\/wp-content\/uploads\/2023\/11\/straight-leg-brackets-quad.jpg\",\"datePublished\":\"2023-11-25T20:59:08+00:00\",\"dateModified\":\"2024-07-06T13:18:16+00:00\",\"description\":\"Juntamente com fecho e fita, a Castanha Reta \u00e9 utilizada para fixar placas ou outros elementos ao poste, dispon\u00edveis em A\u00e7o Inox e Galvanizado.\",\"breadcrumb\":{\"@id\":\"https:\/\/fechometal.com\/br\/suporte-castanha-braquete-reta-inox\/#breadcrumb\"},\"inLanguage\":\"pt-BR\",\"potentialAction\":[{\"@type\":\"ReadAction\",\"target\":[\"https:\/\/fechometal.com\/br\/suporte-castanha-braquete-reta-inox\/\"]}]},{\"@type\":\"ImageObject\",\"inLanguage\":\"pt-BR\",\"@id\":\"https:\/\/fechometal.com\/br\/suporte-castanha-braquete-reta-inox\/#primaryimage\",\"url\":\"https:\/\/fechometal.com\/br\/wp-content\/uploads\/2023\/11\/straight-leg-brackets-quad.jpg\",\"contentUrl\":\"https:\/\/fechometal.com\/br\/wp-content\/uploads\/2023\/11\/straight-leg-brackets-quad.jpg\",\"width\":300,\"height\":300,\"caption\":\"Fabricado em a\u00e7o inoxid\u00e1vel AISI 304 ou a\u00e7o carbono galvanizado. S\u00e3o utilizados juntamente com as fitas e fechos para fixa\u00e7\u00e3o de placas ou outros elementos ao poste.\"},{\"@type\":\"BreadcrumbList\",\"@id\":\"https:\/\/fechometal.com\/br\/suporte-castanha-braquete-reta-inox\/#breadcrumb\",\"itemListElement\":[{\"@type\":\"ListItem\",\"position\":1,\"name\":\"Home\",\"item\":\"https:\/\/fechometal.com\/br\/\"},{\"@type\":\"ListItem\",\"position\":2,\"name\":\"Castanha Braquete Reto\"}]},{\"@type\":\"WebSite\",\"@id\":\"https:\/\/fechometal.com\/br\/#website\",\"url\":\"https:\/\/fechometal.com\/br\/\",\"name\":\"Fechometal Brasil\",\"description\":\"Fabricante de Fechos, Fitas e Abra\u00e7adeiras de A\u00e7o Inox\",\"publisher\":{\"@id\":\"https:\/\/fechometal.com\/br\/#organization\"},\"potentialAction\":[{\"@type\":\"SearchAction\",\"target\":{\"@type\":\"EntryPoint\",\"urlTemplate\":\"https:\/\/fechometal.com\/br\/?s={search_term_string}\"},\"query-input\":{\"@type\":\"PropertyValueSpecification\",\"valueRequired\":true,\"valueName\":\"search_term_string\"}}],\"inLanguage\":\"pt-BR\"},{\"@type\":\"Organization\",\"@id\":\"https:\/\/fechometal.com\/br\/#organization\",\"name\":\"Fechometal Brasil\",\"url\":\"https:\/\/fechometal.com\/br\/\",\"logo\":{\"@type\":\"ImageObject\",\"inLanguage\":\"pt-BR\",\"@id\":\"https:\/\/fechometal.com\/br\/#\/schema\/logo\/image\/\",\"url\":\"https:\/\/fechometal.com\/br\/wp-content\/uploads\/2023\/07\/logo-light1.png\",\"contentUrl\":\"https:\/\/fechometal.com\/br\/wp-content\/uploads\/2023\/07\/logo-light1.png\",\"width\":218,\"height\":100,\"caption\":\"Fechometal Brasil\"},\"image\":{\"@id\":\"https:\/\/fechometal.com\/br\/#\/schema\/logo\/image\/\"},\"sameAs\":[\"https:\/\/www.facebook.com\/fechometal\/\",\"https:\/\/www.youtube.com\/channel\/UCFYqfM6UApq1If6nCyhYJ4A\",\"https:\/\/www.instagram.com\/fechometal\/\"]}]}<\/script>\n<!-- \/ Yoast SEO Premium plugin. -->","yoast_head_json":{"title":"Suporte Castanha Braquete Reto - Fechometal Brasil","description":"Juntamente com fecho e fita, a Castanha Reta \u00e9 utilizada para fixar placas ou outros elementos ao poste, dispon\u00edveis em A\u00e7o Inox e Galvanizado.","robots":{"index":"index","follow":"follow","max-snippet":"max-snippet:-1","max-image-preview":"max-image-preview:large","max-video-preview":"max-video-preview:-1"},"canonical":"https:\/\/fechometal.com\/br\/suporte-castanha-braquete-reta-inox\/","og_locale":"pt_BR","og_type":"article","og_title":"Suporte Castanha Braquete Reto - Fechometal Brasil","og_description":"Juntamente com fecho e fita, a Castanha Reta \u00e9 utilizada para fixar placas ou outros elementos ao poste, dispon\u00edveis em A\u00e7o Inox e Galvanizado.","og_url":"https:\/\/fechometal.com\/br\/suporte-castanha-braquete-reta-inox\/","og_site_name":"Fechometal Brasil","article_publisher":"https:\/\/www.facebook.com\/fechometal\/","article_modified_time":"2024-07-06T13:18:16+00:00","og_image":[{"width":300,"height":300,"url":"https:\/\/fechometal.com\/br\/wp-content\/uploads\/2023\/11\/straight-leg-brackets-quad.jpg","type":"image\/jpeg"}],"twitter_card":"summary_large_image","twitter_misc":{"Est. tempo de leitura":"1 minuto"},"schema":{"@context":"https:\/\/schema.org","@graph":[{"@type":"WebPage","@id":"https:\/\/fechometal.com\/br\/suporte-castanha-braquete-reta-inox\/","url":"https:\/\/fechometal.com\/br\/suporte-castanha-braquete-reta-inox\/","name":"Suporte Castanha Braquete Reto - Fechometal Brasil","isPartOf":{"@id":"https:\/\/fechometal.com\/br\/#website"},"primaryImageOfPage":{"@id":"https:\/\/fechometal.com\/br\/suporte-castanha-braquete-reta-inox\/#primaryimage"},"image":{"@id":"https:\/\/fechometal.com\/br\/suporte-castanha-braquete-reta-inox\/#primaryimage"},"thumbnailUrl":"https:\/\/fechometal.com\/br\/wp-content\/uploads\/2023\/11\/straight-leg-brackets-quad.jpg","datePublished":"2023-11-25T20:59:08+00:00","dateModified":"2024-07-06T13:18:16+00:00","description":"Juntamente com fecho e fita, a Castanha Reta \u00e9 utilizada para fixar placas ou outros elementos ao poste, dispon\u00edveis em A\u00e7o Inox e Galvanizado.","breadcrumb":{"@id":"https:\/\/fechometal.com\/br\/suporte-castanha-braquete-reta-inox\/#breadcrumb"},"inLanguage":"pt-BR","potentialAction":[{"@type":"ReadAction","target":["https:\/\/fechometal.com\/br\/suporte-castanha-braquete-reta-inox\/"]}]},{"@type":"ImageObject","inLanguage":"pt-BR","@id":"https:\/\/fechometal.com\/br\/suporte-castanha-braquete-reta-inox\/#primaryimage","url":"https:\/\/fechometal.com\/br\/wp-content\/uploads\/2023\/11\/straight-leg-brackets-quad.jpg","contentUrl":"https:\/\/fechometal.com\/br\/wp-content\/uploads\/2023\/11\/straight-leg-brackets-quad.jpg","width":300,"height":300,"caption":"Fabricado em a\u00e7o inoxid\u00e1vel AISI 304 ou a\u00e7o carbono galvanizado. S\u00e3o utilizados juntamente com as fitas e fechos para fixa\u00e7\u00e3o de placas ou outros elementos ao poste."},{"@type":"BreadcrumbList","@id":"https:\/\/fechometal.com\/br\/suporte-castanha-braquete-reta-inox\/#breadcrumb","itemListElement":[{"@type":"ListItem","position":1,"name":"Home","item":"https:\/\/fechometal.com\/br\/"},{"@type":"ListItem","position":2,"name":"Castanha Braquete Reto"}]},{"@type":"WebSite","@id":"https:\/\/fechometal.com\/br\/#website","url":"https:\/\/fechometal.com\/br\/","name":"Fechometal Brasil","description":"Fabricante de Fechos, Fitas e Abra\u00e7adeiras de A\u00e7o Inox","publisher":{"@id":"https:\/\/fechometal.com\/br\/#organization"},"potentialAction":[{"@type":"SearchAction","target":{"@type":"EntryPoint","urlTemplate":"https:\/\/fechometal.com\/br\/?s={search_term_string}"},"query-input":{"@type":"PropertyValueSpecification","valueRequired":true,"valueName":"search_term_string"}}],"inLanguage":"pt-BR"},{"@type":"Organization","@id":"https:\/\/fechometal.com\/br\/#organization","name":"Fechometal Brasil","url":"https:\/\/fechometal.com\/br\/","logo":{"@type":"ImageObject","inLanguage":"pt-BR","@id":"https:\/\/fechometal.com\/br\/#\/schema\/logo\/image\/","url":"https:\/\/fechometal.com\/br\/wp-content\/uploads\/2023\/07\/logo-light1.png","contentUrl":"https:\/\/fechometal.com\/br\/wp-content\/uploads\/2023\/07\/logo-light1.png","width":218,"height":100,"caption":"Fechometal Brasil"},"image":{"@id":"https:\/\/fechometal.com\/br\/#\/schema\/logo\/image\/"},"sameAs":["https:\/\/www.facebook.com\/fechometal\/","https:\/\/www.youtube.com\/channel\/UCFYqfM6UApq1If6nCyhYJ4A","https:\/\/www.instagram.com\/fechometal\/"]}]}},"_links":{"self":[{"href":"https:\/\/fechometal.com\/br\/wp-json\/wp\/v2\/pages\/1767","targetHints":{"allow":["GET"]}}],"collection":[{"href":"https:\/\/fechometal.com\/br\/wp-json\/wp\/v2\/pages"}],"about":[{"href":"https:\/\/fechometal.com\/br\/wp-json\/wp\/v2\/types\/page"}],"author":[{"embeddable":true,"href":"https:\/\/fechometal.com\/br\/wp-json\/wp\/v2\/users\/1"}],"replies":[{"embeddable":true,"href":"https:\/\/fechometal.com\/br\/wp-json\/wp\/v2\/comments?post=1767"}],"version-history":[{"count":2,"href":"https:\/\/fechometal.com\/br\/wp-json\/wp\/v2\/pages\/1767\/revisions"}],"predecessor-version":[{"id":2605,"href":"https:\/\/fechometal.com\/br\/wp-json\/wp\/v2\/pages\/1767\/revisions\/2605"}],"wp:featuredmedia":[{"embeddable":true,"href":"https:\/\/fechometal.com\/br\/wp-json\/wp\/v2\/media\/1769"}],"wp:attachment":[{"href":"https:\/\/fechometal.com\/br\/wp-json\/wp\/v2\/media?parent=1767"}],"curies":[{"name":"wp","href":"https:\/\/api.w.org\/{rel}","templated":true}]}}