{"id":1386,"date":"2023-10-14T19:25:27","date_gmt":"2023-10-14T19:25:27","guid":{"rendered":"https:\/\/fechometal.com\/br\/?page_id=1386"},"modified":"2024-08-17T13:50:47","modified_gmt":"2024-08-17T13:50:47","slug":"ferramenta-de-impacto-para-fechos","status":"publish","type":"page","link":"https:\/\/fechometal.com\/br\/ferramenta-de-impacto-para-fechos\/","title":{"rendered":"Ferramenta de Impacto"},"content":{"rendered":"","protected":false},"excerpt":{"rendered":"","protected":false},"author":1,"featured_media":1271,"parent":0,"menu_order":0,"comment_status":"closed","ping_status":"closed","template":"","meta":{"content-type":"","_joinchat":[],"footnotes":""},"class_list":["post-1386","page","type-page","status-publish","has-post-thumbnail","hentry"],"yoast_head":"<!-- This site is optimized with the Yoast SEO Premium plugin v26.8 (Yoast SEO v24.8.1) - https:\/\/yoast.com\/wordpress\/plugins\/seo\/ -->\n<title>Ferramenta de Impacto para Aplica\u00e7\u00e3o de Fechos - Fechometal Brasil<\/title>\n<meta name=\"description\" content=\"A Ferramenta de Impacto para Aplica\u00e7\u00e3o de Fechos \u00e9 ideal para fecho de 5\/8\u201d (15,87 mm). Um kit adaptador \u00e9 recomendado para o 3\/8\u201d (9,53 mm).\" \/>\n<meta name=\"robots\" content=\"index, follow, max-snippet:-1, max-image-preview:large, max-video-preview:-1\" \/>\n<link rel=\"canonical\" href=\"https:\/\/fechometal.com\/br\/ferramenta-de-impacto-para-fechos\/\" \/>\n<meta property=\"og:locale\" content=\"pt_BR\" \/>\n<meta property=\"og:type\" content=\"article\" \/>\n<meta property=\"og:title\" content=\"Ferramenta de Impacto para Aplica\u00e7\u00e3o de Fechos - Fechometal Brasil\" \/>\n<meta property=\"og:description\" content=\"A Ferramenta de Impacto para Aplica\u00e7\u00e3o de Fechos \u00e9 ideal para fecho de 5\/8\u201d (15,87 mm). Um kit adaptador \u00e9 recomendado para o 3\/8\u201d (9,53 mm).\" \/>\n<meta property=\"og:url\" content=\"https:\/\/fechometal.com\/br\/ferramenta-de-impacto-para-fechos\/\" \/>\n<meta property=\"og:site_name\" content=\"Fechometal Brasil\" \/>\n<meta property=\"article:publisher\" content=\"https:\/\/www.facebook.com\/fechometal\/\" \/>\n<meta property=\"article:modified_time\" content=\"2024-08-17T13:50:47+00:00\" \/>\n<meta property=\"og:image\" content=\"https:\/\/fechometal.com\/br\/wp-content\/uploads\/2023\/10\/prod_ferramenta11.jpg\" \/>\n\t<meta property=\"og:image:width\" content=\"300\" \/>\n\t<meta property=\"og:image:height\" content=\"300\" \/>\n\t<meta property=\"og:image:type\" content=\"image\/jpeg\" \/>\n<meta name=\"twitter:card\" content=\"summary_large_image\" \/>\n<meta name=\"twitter:label1\" content=\"Est. tempo de leitura\" \/>\n\t<meta name=\"twitter:data1\" content=\"1 minuto\" \/>\n<script type=\"application\/ld+json\" class=\"yoast-schema-graph\">{\"@context\":\"https:\/\/schema.org\",\"@graph\":[{\"@type\":\"WebPage\",\"@id\":\"https:\/\/fechometal.com\/br\/ferramenta-de-impacto-para-fechos\/\",\"url\":\"https:\/\/fechometal.com\/br\/ferramenta-de-impacto-para-fechos\/\",\"name\":\"Ferramenta de Impacto para Aplica\u00e7\u00e3o de Fechos - Fechometal Brasil\",\"isPartOf\":{\"@id\":\"https:\/\/fechometal.com\/br\/#website\"},\"primaryImageOfPage\":{\"@id\":\"https:\/\/fechometal.com\/br\/ferramenta-de-impacto-para-fechos\/#primaryimage\"},\"image\":{\"@id\":\"https:\/\/fechometal.com\/br\/ferramenta-de-impacto-para-fechos\/#primaryimage\"},\"thumbnailUrl\":\"https:\/\/fechometal.com\/br\/wp-content\/uploads\/2023\/10\/prod_ferramenta11.jpg\",\"datePublished\":\"2023-10-14T19:25:27+00:00\",\"dateModified\":\"2024-08-17T13:50:47+00:00\",\"description\":\"A Ferramenta de Impacto para Aplica\u00e7\u00e3o de Fechos \u00e9 ideal para fecho de 5\/8\u201d (15,87 mm). Um kit adaptador \u00e9 recomendado para o 3\/8\u201d (9,53 mm).\",\"breadcrumb\":{\"@id\":\"https:\/\/fechometal.com\/br\/ferramenta-de-impacto-para-fechos\/#breadcrumb\"},\"inLanguage\":\"pt-BR\",\"potentialAction\":[{\"@type\":\"ReadAction\",\"target\":[\"https:\/\/fechometal.com\/br\/ferramenta-de-impacto-para-fechos\/\"]}]},{\"@type\":\"ImageObject\",\"inLanguage\":\"pt-BR\",\"@id\":\"https:\/\/fechometal.com\/br\/ferramenta-de-impacto-para-fechos\/#primaryimage\",\"url\":\"https:\/\/fechometal.com\/br\/wp-content\/uploads\/2023\/10\/prod_ferramenta11.jpg\",\"contentUrl\":\"https:\/\/fechometal.com\/br\/wp-content\/uploads\/2023\/10\/prod_ferramenta11.jpg\",\"width\":300,\"height\":300,\"caption\":\"Ferramenta de impacto para fechos de 5\/8\\\". Em sua aplica\u00e7\u00e3o o fecho \u00e9 devidamente selado com o impacto realizado por um martelo.\"},{\"@type\":\"BreadcrumbList\",\"@id\":\"https:\/\/fechometal.com\/br\/ferramenta-de-impacto-para-fechos\/#breadcrumb\",\"itemListElement\":[{\"@type\":\"ListItem\",\"position\":1,\"name\":\"Home\",\"item\":\"https:\/\/fechometal.com\/br\/\"},{\"@type\":\"ListItem\",\"position\":2,\"name\":\"Ferramenta de Impacto\"}]},{\"@type\":\"WebSite\",\"@id\":\"https:\/\/fechometal.com\/br\/#website\",\"url\":\"https:\/\/fechometal.com\/br\/\",\"name\":\"Fechometal Brasil\",\"description\":\"Fabricante de Fechos, Fitas e Abra\u00e7adeiras de A\u00e7o Inox\",\"publisher\":{\"@id\":\"https:\/\/fechometal.com\/br\/#organization\"},\"potentialAction\":[{\"@type\":\"SearchAction\",\"target\":{\"@type\":\"EntryPoint\",\"urlTemplate\":\"https:\/\/fechometal.com\/br\/?s={search_term_string}\"},\"query-input\":{\"@type\":\"PropertyValueSpecification\",\"valueRequired\":true,\"valueName\":\"search_term_string\"}}],\"inLanguage\":\"pt-BR\"},{\"@type\":\"Organization\",\"@id\":\"https:\/\/fechometal.com\/br\/#organization\",\"name\":\"Fechometal Brasil\",\"url\":\"https:\/\/fechometal.com\/br\/\",\"logo\":{\"@type\":\"ImageObject\",\"inLanguage\":\"pt-BR\",\"@id\":\"https:\/\/fechometal.com\/br\/#\/schema\/logo\/image\/\",\"url\":\"https:\/\/fechometal.com\/br\/wp-content\/uploads\/2023\/07\/logo-light1.png\",\"contentUrl\":\"https:\/\/fechometal.com\/br\/wp-content\/uploads\/2023\/07\/logo-light1.png\",\"width\":218,\"height\":100,\"caption\":\"Fechometal Brasil\"},\"image\":{\"@id\":\"https:\/\/fechometal.com\/br\/#\/schema\/logo\/image\/\"},\"sameAs\":[\"https:\/\/www.facebook.com\/fechometal\/\",\"https:\/\/www.youtube.com\/channel\/UCFYqfM6UApq1If6nCyhYJ4A\",\"https:\/\/www.instagram.com\/fechometal\/\"]}]}<\/script>\n<!-- \/ Yoast SEO Premium plugin. -->","yoast_head_json":{"title":"Ferramenta de Impacto para Aplica\u00e7\u00e3o de Fechos - Fechometal Brasil","description":"A Ferramenta de Impacto para Aplica\u00e7\u00e3o de Fechos \u00e9 ideal para fecho de 5\/8\u201d (15,87 mm). Um kit adaptador \u00e9 recomendado para o 3\/8\u201d (9,53 mm).","robots":{"index":"index","follow":"follow","max-snippet":"max-snippet:-1","max-image-preview":"max-image-preview:large","max-video-preview":"max-video-preview:-1"},"canonical":"https:\/\/fechometal.com\/br\/ferramenta-de-impacto-para-fechos\/","og_locale":"pt_BR","og_type":"article","og_title":"Ferramenta de Impacto para Aplica\u00e7\u00e3o de Fechos - Fechometal Brasil","og_description":"A Ferramenta de Impacto para Aplica\u00e7\u00e3o de Fechos \u00e9 ideal para fecho de 5\/8\u201d (15,87 mm). Um kit adaptador \u00e9 recomendado para o 3\/8\u201d (9,53 mm).","og_url":"https:\/\/fechometal.com\/br\/ferramenta-de-impacto-para-fechos\/","og_site_name":"Fechometal Brasil","article_publisher":"https:\/\/www.facebook.com\/fechometal\/","article_modified_time":"2024-08-17T13:50:47+00:00","og_image":[{"width":300,"height":300,"url":"https:\/\/fechometal.com\/br\/wp-content\/uploads\/2023\/10\/prod_ferramenta11.jpg","type":"image\/jpeg"}],"twitter_card":"summary_large_image","twitter_misc":{"Est. tempo de leitura":"1 minuto"},"schema":{"@context":"https:\/\/schema.org","@graph":[{"@type":"WebPage","@id":"https:\/\/fechometal.com\/br\/ferramenta-de-impacto-para-fechos\/","url":"https:\/\/fechometal.com\/br\/ferramenta-de-impacto-para-fechos\/","name":"Ferramenta de Impacto para Aplica\u00e7\u00e3o de Fechos - Fechometal Brasil","isPartOf":{"@id":"https:\/\/fechometal.com\/br\/#website"},"primaryImageOfPage":{"@id":"https:\/\/fechometal.com\/br\/ferramenta-de-impacto-para-fechos\/#primaryimage"},"image":{"@id":"https:\/\/fechometal.com\/br\/ferramenta-de-impacto-para-fechos\/#primaryimage"},"thumbnailUrl":"https:\/\/fechometal.com\/br\/wp-content\/uploads\/2023\/10\/prod_ferramenta11.jpg","datePublished":"2023-10-14T19:25:27+00:00","dateModified":"2024-08-17T13:50:47+00:00","description":"A Ferramenta de Impacto para Aplica\u00e7\u00e3o de Fechos \u00e9 ideal para fecho de 5\/8\u201d (15,87 mm). Um kit adaptador \u00e9 recomendado para o 3\/8\u201d (9,53 mm).","breadcrumb":{"@id":"https:\/\/fechometal.com\/br\/ferramenta-de-impacto-para-fechos\/#breadcrumb"},"inLanguage":"pt-BR","potentialAction":[{"@type":"ReadAction","target":["https:\/\/fechometal.com\/br\/ferramenta-de-impacto-para-fechos\/"]}]},{"@type":"ImageObject","inLanguage":"pt-BR","@id":"https:\/\/fechometal.com\/br\/ferramenta-de-impacto-para-fechos\/#primaryimage","url":"https:\/\/fechometal.com\/br\/wp-content\/uploads\/2023\/10\/prod_ferramenta11.jpg","contentUrl":"https:\/\/fechometal.com\/br\/wp-content\/uploads\/2023\/10\/prod_ferramenta11.jpg","width":300,"height":300,"caption":"Ferramenta de impacto para fechos de 5\/8\". Em sua aplica\u00e7\u00e3o o fecho \u00e9 devidamente selado com o impacto realizado por um martelo."},{"@type":"BreadcrumbList","@id":"https:\/\/fechometal.com\/br\/ferramenta-de-impacto-para-fechos\/#breadcrumb","itemListElement":[{"@type":"ListItem","position":1,"name":"Home","item":"https:\/\/fechometal.com\/br\/"},{"@type":"ListItem","position":2,"name":"Ferramenta de Impacto"}]},{"@type":"WebSite","@id":"https:\/\/fechometal.com\/br\/#website","url":"https:\/\/fechometal.com\/br\/","name":"Fechometal Brasil","description":"Fabricante de Fechos, Fitas e Abra\u00e7adeiras de A\u00e7o Inox","publisher":{"@id":"https:\/\/fechometal.com\/br\/#organization"},"potentialAction":[{"@type":"SearchAction","target":{"@type":"EntryPoint","urlTemplate":"https:\/\/fechometal.com\/br\/?s={search_term_string}"},"query-input":{"@type":"PropertyValueSpecification","valueRequired":true,"valueName":"search_term_string"}}],"inLanguage":"pt-BR"},{"@type":"Organization","@id":"https:\/\/fechometal.com\/br\/#organization","name":"Fechometal Brasil","url":"https:\/\/fechometal.com\/br\/","logo":{"@type":"ImageObject","inLanguage":"pt-BR","@id":"https:\/\/fechometal.com\/br\/#\/schema\/logo\/image\/","url":"https:\/\/fechometal.com\/br\/wp-content\/uploads\/2023\/07\/logo-light1.png","contentUrl":"https:\/\/fechometal.com\/br\/wp-content\/uploads\/2023\/07\/logo-light1.png","width":218,"height":100,"caption":"Fechometal Brasil"},"image":{"@id":"https:\/\/fechometal.com\/br\/#\/schema\/logo\/image\/"},"sameAs":["https:\/\/www.facebook.com\/fechometal\/","https:\/\/www.youtube.com\/channel\/UCFYqfM6UApq1If6nCyhYJ4A","https:\/\/www.instagram.com\/fechometal\/"]}]}},"_links":{"self":[{"href":"https:\/\/fechometal.com\/br\/wp-json\/wp\/v2\/pages\/1386","targetHints":{"allow":["GET"]}}],"collection":[{"href":"https:\/\/fechometal.com\/br\/wp-json\/wp\/v2\/pages"}],"about":[{"href":"https:\/\/fechometal.com\/br\/wp-json\/wp\/v2\/types\/page"}],"author":[{"embeddable":true,"href":"https:\/\/fechometal.com\/br\/wp-json\/wp\/v2\/users\/1"}],"replies":[{"embeddable":true,"href":"https:\/\/fechometal.com\/br\/wp-json\/wp\/v2\/comments?post=1386"}],"version-history":[{"count":2,"href":"https:\/\/fechometal.com\/br\/wp-json\/wp\/v2\/pages\/1386\/revisions"}],"predecessor-version":[{"id":2715,"href":"https:\/\/fechometal.com\/br\/wp-json\/wp\/v2\/pages\/1386\/revisions\/2715"}],"wp:featuredmedia":[{"embeddable":true,"href":"https:\/\/fechometal.com\/br\/wp-json\/wp\/v2\/media\/1271"}],"wp:attachment":[{"href":"https:\/\/fechometal.com\/br\/wp-json\/wp\/v2\/media?parent=1386"}],"curies":[{"name":"wp","href":"https:\/\/api.w.org\/{rel}","templated":true}]}}