{"id":1376,"date":"2023-10-14T19:23:47","date_gmt":"2023-10-14T19:23:47","guid":{"rendered":"https:\/\/fechometal.com\/br\/?page_id=1376"},"modified":"2024-07-27T14:33:26","modified_gmt":"2024-07-27T14:33:26","slug":"ferramenta-super-de-aperto-e-corte-para-fitas-de-aco","status":"publish","type":"page","link":"https:\/\/fechometal.com\/br\/ferramenta-super-de-aperto-e-corte-para-fitas-de-aco\/","title":{"rendered":"Ferramenta Super"},"content":{"rendered":"","protected":false},"excerpt":{"rendered":"","protected":false},"author":1,"featured_media":1976,"parent":0,"menu_order":0,"comment_status":"closed","ping_status":"closed","template":"","meta":{"content-type":"","_joinchat":[],"footnotes":""},"class_list":["post-1376","page","type-page","status-publish","has-post-thumbnail","hentry"],"yoast_head":"<!-- This site is optimized with the Yoast SEO Premium plugin v26.8 (Yoast SEO v24.8.1) - https:\/\/yoast.com\/wordpress\/plugins\/seo\/ -->\n<title>Ferramenta Super de Aperto e Corte para Fitas de A\u00e7o - Fechometal Brasil<\/title>\n<meta name=\"description\" content=\"A Ferramenta Super de Aperto e Corte \u00e9 utilizada na instala\u00e7\u00e3o de fitas com largura a partir de 1&quot; (25,40mm).\" \/>\n<meta name=\"robots\" content=\"index, follow, max-snippet:-1, max-image-preview:large, max-video-preview:-1\" \/>\n<link rel=\"canonical\" href=\"https:\/\/fechometal.com\/br\/ferramenta-super-de-aperto-e-corte-para-fitas-de-aco\/\" \/>\n<meta property=\"og:locale\" content=\"pt_BR\" \/>\n<meta property=\"og:type\" content=\"article\" \/>\n<meta property=\"og:title\" content=\"Ferramenta Super de Aperto e Corte para Fitas de A\u00e7o - Fechometal Brasil\" \/>\n<meta property=\"og:description\" content=\"A Ferramenta Super de Aperto e Corte \u00e9 utilizada na instala\u00e7\u00e3o de fitas com largura a partir de 1&quot; (25,40mm).\" \/>\n<meta property=\"og:url\" content=\"https:\/\/fechometal.com\/br\/ferramenta-super-de-aperto-e-corte-para-fitas-de-aco\/\" \/>\n<meta property=\"og:site_name\" content=\"Fechometal Brasil\" \/>\n<meta property=\"article:publisher\" content=\"https:\/\/www.facebook.com\/fechometal\/\" \/>\n<meta property=\"article:modified_time\" content=\"2024-07-27T14:33:26+00:00\" \/>\n<meta property=\"og:image\" content=\"https:\/\/fechometal.com\/br\/wp-content\/uploads\/2023\/12\/prod_ferramenta3int.jpg\" \/>\n\t<meta property=\"og:image:width\" content=\"800\" \/>\n\t<meta property=\"og:image:height\" content=\"500\" \/>\n\t<meta property=\"og:image:type\" content=\"image\/jpeg\" \/>\n<meta name=\"twitter:card\" content=\"summary_large_image\" \/>\n<meta name=\"twitter:label1\" content=\"Est. tempo de leitura\" \/>\n\t<meta name=\"twitter:data1\" content=\"1 minuto\" \/>\n<script type=\"application\/ld+json\" class=\"yoast-schema-graph\">{\"@context\":\"https:\/\/schema.org\",\"@graph\":[{\"@type\":\"WebPage\",\"@id\":\"https:\/\/fechometal.com\/br\/ferramenta-super-de-aperto-e-corte-para-fitas-de-aco\/\",\"url\":\"https:\/\/fechometal.com\/br\/ferramenta-super-de-aperto-e-corte-para-fitas-de-aco\/\",\"name\":\"Ferramenta Super de Aperto e Corte para Fitas de A\u00e7o - Fechometal Brasil\",\"isPartOf\":{\"@id\":\"https:\/\/fechometal.com\/br\/#website\"},\"primaryImageOfPage\":{\"@id\":\"https:\/\/fechometal.com\/br\/ferramenta-super-de-aperto-e-corte-para-fitas-de-aco\/#primaryimage\"},\"image\":{\"@id\":\"https:\/\/fechometal.com\/br\/ferramenta-super-de-aperto-e-corte-para-fitas-de-aco\/#primaryimage\"},\"thumbnailUrl\":\"https:\/\/fechometal.com\/br\/wp-content\/uploads\/2023\/12\/prod_ferramenta3int.jpg\",\"datePublished\":\"2023-10-14T19:23:47+00:00\",\"dateModified\":\"2024-07-27T14:33:26+00:00\",\"description\":\"A Ferramenta Super de Aperto e Corte \u00e9 utilizada na instala\u00e7\u00e3o de fitas com largura a partir de 1\\\" (25,40mm).\",\"breadcrumb\":{\"@id\":\"https:\/\/fechometal.com\/br\/ferramenta-super-de-aperto-e-corte-para-fitas-de-aco\/#breadcrumb\"},\"inLanguage\":\"pt-BR\",\"potentialAction\":[{\"@type\":\"ReadAction\",\"target\":[\"https:\/\/fechometal.com\/br\/ferramenta-super-de-aperto-e-corte-para-fitas-de-aco\/\"]}]},{\"@type\":\"ImageObject\",\"inLanguage\":\"pt-BR\",\"@id\":\"https:\/\/fechometal.com\/br\/ferramenta-super-de-aperto-e-corte-para-fitas-de-aco\/#primaryimage\",\"url\":\"https:\/\/fechometal.com\/br\/wp-content\/uploads\/2023\/12\/prod_ferramenta3int.jpg\",\"contentUrl\":\"https:\/\/fechometal.com\/br\/wp-content\/uploads\/2023\/12\/prod_ferramenta3int.jpg\",\"width\":800,\"height\":500,\"caption\":\"Para utilizar em fitas com largura de 3\/4\u201d (19,05 mm) at\u00e9 1 1\/4\u201d (31,75 mm) e espessura at\u00e9 0,044\u201d (1,1 mm).\"},{\"@type\":\"BreadcrumbList\",\"@id\":\"https:\/\/fechometal.com\/br\/ferramenta-super-de-aperto-e-corte-para-fitas-de-aco\/#breadcrumb\",\"itemListElement\":[{\"@type\":\"ListItem\",\"position\":1,\"name\":\"Home\",\"item\":\"https:\/\/fechometal.com\/br\/\"},{\"@type\":\"ListItem\",\"position\":2,\"name\":\"Ferramenta Super\"}]},{\"@type\":\"WebSite\",\"@id\":\"https:\/\/fechometal.com\/br\/#website\",\"url\":\"https:\/\/fechometal.com\/br\/\",\"name\":\"Fechometal Brasil\",\"description\":\"Fabricante de Fechos, Fitas e Abra\u00e7adeiras de A\u00e7o Inox\",\"publisher\":{\"@id\":\"https:\/\/fechometal.com\/br\/#organization\"},\"potentialAction\":[{\"@type\":\"SearchAction\",\"target\":{\"@type\":\"EntryPoint\",\"urlTemplate\":\"https:\/\/fechometal.com\/br\/?s={search_term_string}\"},\"query-input\":{\"@type\":\"PropertyValueSpecification\",\"valueRequired\":true,\"valueName\":\"search_term_string\"}}],\"inLanguage\":\"pt-BR\"},{\"@type\":\"Organization\",\"@id\":\"https:\/\/fechometal.com\/br\/#organization\",\"name\":\"Fechometal Brasil\",\"url\":\"https:\/\/fechometal.com\/br\/\",\"logo\":{\"@type\":\"ImageObject\",\"inLanguage\":\"pt-BR\",\"@id\":\"https:\/\/fechometal.com\/br\/#\/schema\/logo\/image\/\",\"url\":\"https:\/\/fechometal.com\/br\/wp-content\/uploads\/2023\/07\/logo-light1.png\",\"contentUrl\":\"https:\/\/fechometal.com\/br\/wp-content\/uploads\/2023\/07\/logo-light1.png\",\"width\":218,\"height\":100,\"caption\":\"Fechometal Brasil\"},\"image\":{\"@id\":\"https:\/\/fechometal.com\/br\/#\/schema\/logo\/image\/\"},\"sameAs\":[\"https:\/\/www.facebook.com\/fechometal\/\",\"https:\/\/www.youtube.com\/channel\/UCFYqfM6UApq1If6nCyhYJ4A\",\"https:\/\/www.instagram.com\/fechometal\/\"]}]}<\/script>\n<!-- \/ Yoast SEO Premium plugin. -->","yoast_head_json":{"title":"Ferramenta Super de Aperto e Corte para Fitas de A\u00e7o - Fechometal Brasil","description":"A Ferramenta Super de Aperto e Corte \u00e9 utilizada na instala\u00e7\u00e3o de fitas com largura a partir de 1\" (25,40mm).","robots":{"index":"index","follow":"follow","max-snippet":"max-snippet:-1","max-image-preview":"max-image-preview:large","max-video-preview":"max-video-preview:-1"},"canonical":"https:\/\/fechometal.com\/br\/ferramenta-super-de-aperto-e-corte-para-fitas-de-aco\/","og_locale":"pt_BR","og_type":"article","og_title":"Ferramenta Super de Aperto e Corte para Fitas de A\u00e7o - Fechometal Brasil","og_description":"A Ferramenta Super de Aperto e Corte \u00e9 utilizada na instala\u00e7\u00e3o de fitas com largura a partir de 1\" (25,40mm).","og_url":"https:\/\/fechometal.com\/br\/ferramenta-super-de-aperto-e-corte-para-fitas-de-aco\/","og_site_name":"Fechometal Brasil","article_publisher":"https:\/\/www.facebook.com\/fechometal\/","article_modified_time":"2024-07-27T14:33:26+00:00","og_image":[{"width":800,"height":500,"url":"https:\/\/fechometal.com\/br\/wp-content\/uploads\/2023\/12\/prod_ferramenta3int.jpg","type":"image\/jpeg"}],"twitter_card":"summary_large_image","twitter_misc":{"Est. tempo de leitura":"1 minuto"},"schema":{"@context":"https:\/\/schema.org","@graph":[{"@type":"WebPage","@id":"https:\/\/fechometal.com\/br\/ferramenta-super-de-aperto-e-corte-para-fitas-de-aco\/","url":"https:\/\/fechometal.com\/br\/ferramenta-super-de-aperto-e-corte-para-fitas-de-aco\/","name":"Ferramenta Super de Aperto e Corte para Fitas de A\u00e7o - Fechometal Brasil","isPartOf":{"@id":"https:\/\/fechometal.com\/br\/#website"},"primaryImageOfPage":{"@id":"https:\/\/fechometal.com\/br\/ferramenta-super-de-aperto-e-corte-para-fitas-de-aco\/#primaryimage"},"image":{"@id":"https:\/\/fechometal.com\/br\/ferramenta-super-de-aperto-e-corte-para-fitas-de-aco\/#primaryimage"},"thumbnailUrl":"https:\/\/fechometal.com\/br\/wp-content\/uploads\/2023\/12\/prod_ferramenta3int.jpg","datePublished":"2023-10-14T19:23:47+00:00","dateModified":"2024-07-27T14:33:26+00:00","description":"A Ferramenta Super de Aperto e Corte \u00e9 utilizada na instala\u00e7\u00e3o de fitas com largura a partir de 1\" (25,40mm).","breadcrumb":{"@id":"https:\/\/fechometal.com\/br\/ferramenta-super-de-aperto-e-corte-para-fitas-de-aco\/#breadcrumb"},"inLanguage":"pt-BR","potentialAction":[{"@type":"ReadAction","target":["https:\/\/fechometal.com\/br\/ferramenta-super-de-aperto-e-corte-para-fitas-de-aco\/"]}]},{"@type":"ImageObject","inLanguage":"pt-BR","@id":"https:\/\/fechometal.com\/br\/ferramenta-super-de-aperto-e-corte-para-fitas-de-aco\/#primaryimage","url":"https:\/\/fechometal.com\/br\/wp-content\/uploads\/2023\/12\/prod_ferramenta3int.jpg","contentUrl":"https:\/\/fechometal.com\/br\/wp-content\/uploads\/2023\/12\/prod_ferramenta3int.jpg","width":800,"height":500,"caption":"Para utilizar em fitas com largura de 3\/4\u201d (19,05 mm) at\u00e9 1 1\/4\u201d (31,75 mm) e espessura at\u00e9 0,044\u201d (1,1 mm)."},{"@type":"BreadcrumbList","@id":"https:\/\/fechometal.com\/br\/ferramenta-super-de-aperto-e-corte-para-fitas-de-aco\/#breadcrumb","itemListElement":[{"@type":"ListItem","position":1,"name":"Home","item":"https:\/\/fechometal.com\/br\/"},{"@type":"ListItem","position":2,"name":"Ferramenta Super"}]},{"@type":"WebSite","@id":"https:\/\/fechometal.com\/br\/#website","url":"https:\/\/fechometal.com\/br\/","name":"Fechometal Brasil","description":"Fabricante de Fechos, Fitas e Abra\u00e7adeiras de A\u00e7o Inox","publisher":{"@id":"https:\/\/fechometal.com\/br\/#organization"},"potentialAction":[{"@type":"SearchAction","target":{"@type":"EntryPoint","urlTemplate":"https:\/\/fechometal.com\/br\/?s={search_term_string}"},"query-input":{"@type":"PropertyValueSpecification","valueRequired":true,"valueName":"search_term_string"}}],"inLanguage":"pt-BR"},{"@type":"Organization","@id":"https:\/\/fechometal.com\/br\/#organization","name":"Fechometal Brasil","url":"https:\/\/fechometal.com\/br\/","logo":{"@type":"ImageObject","inLanguage":"pt-BR","@id":"https:\/\/fechometal.com\/br\/#\/schema\/logo\/image\/","url":"https:\/\/fechometal.com\/br\/wp-content\/uploads\/2023\/07\/logo-light1.png","contentUrl":"https:\/\/fechometal.com\/br\/wp-content\/uploads\/2023\/07\/logo-light1.png","width":218,"height":100,"caption":"Fechometal Brasil"},"image":{"@id":"https:\/\/fechometal.com\/br\/#\/schema\/logo\/image\/"},"sameAs":["https:\/\/www.facebook.com\/fechometal\/","https:\/\/www.youtube.com\/channel\/UCFYqfM6UApq1If6nCyhYJ4A","https:\/\/www.instagram.com\/fechometal\/"]}]}},"_links":{"self":[{"href":"https:\/\/fechometal.com\/br\/wp-json\/wp\/v2\/pages\/1376","targetHints":{"allow":["GET"]}}],"collection":[{"href":"https:\/\/fechometal.com\/br\/wp-json\/wp\/v2\/pages"}],"about":[{"href":"https:\/\/fechometal.com\/br\/wp-json\/wp\/v2\/types\/page"}],"author":[{"embeddable":true,"href":"https:\/\/fechometal.com\/br\/wp-json\/wp\/v2\/users\/1"}],"replies":[{"embeddable":true,"href":"https:\/\/fechometal.com\/br\/wp-json\/wp\/v2\/comments?post=1376"}],"version-history":[{"count":4,"href":"https:\/\/fechometal.com\/br\/wp-json\/wp\/v2\/pages\/1376\/revisions"}],"predecessor-version":[{"id":2672,"href":"https:\/\/fechometal.com\/br\/wp-json\/wp\/v2\/pages\/1376\/revisions\/2672"}],"wp:featuredmedia":[{"embeddable":true,"href":"https:\/\/fechometal.com\/br\/wp-json\/wp\/v2\/media\/1976"}],"wp:attachment":[{"href":"https:\/\/fechometal.com\/br\/wp-json\/wp\/v2\/media?parent=1376"}],"curies":[{"name":"wp","href":"https:\/\/api.w.org\/{rel}","templated":true}]}}