{"id":1351,"date":"2023-10-14T19:17:14","date_gmt":"2023-10-14T19:17:14","guid":{"rendered":"https:\/\/fechometal.com\/br\/?page_id=1351"},"modified":"2024-07-06T20:03:40","modified_gmt":"2024-07-06T20:03:40","slug":"mounting-kit-fita-bolt-clamp","status":"publish","type":"page","link":"https:\/\/fechometal.com\/br\/mounting-kit-fita-bolt-clamp\/","title":{"rendered":"Mounting Kit"},"content":{"rendered":"","protected":false},"excerpt":{"rendered":"","protected":false},"author":1,"featured_media":1231,"parent":0,"menu_order":0,"comment_status":"closed","ping_status":"closed","template":"","meta":{"content-type":"","_joinchat":[],"footnotes":""},"class_list":["post-1351","page","type-page","status-publish","has-post-thumbnail","hentry"],"yoast_head":"<!-- This site is optimized with the Yoast SEO Premium plugin v27.4 (Yoast SEO v24.8.1) - https:\/\/yoast.com\/wordpress\/plugins\/seo\/ -->\n<title>Mounting Kit (Fita recortada e pr\u00e9-montada com o Bolt Clamp) - Fechometal Brasil<\/title>\n<meta name=\"description\" content=\"O mounting kit est\u00e1 pronto para uso, Fita recortada e pr\u00e9-montada com o Bolt Clamp. N\u00e3o necessita de ferramenta especial, pode ser instalado com chave inglesa ou catraca.\" \/>\n<meta name=\"robots\" content=\"index, follow, max-snippet:-1, max-image-preview:large, max-video-preview:-1\" \/>\n<link rel=\"canonical\" href=\"https:\/\/fechometal.com\/br\/mounting-kit-fita-bolt-clamp\/\" \/>\n<meta property=\"og:locale\" content=\"pt_BR\" \/>\n<meta property=\"og:type\" content=\"article\" \/>\n<meta property=\"og:title\" content=\"Mounting Kit (Fita recortada e pr\u00e9-montada com o Bolt Clamp) - Fechometal Brasil\" \/>\n<meta property=\"og:description\" content=\"O mounting kit est\u00e1 pronto para uso, Fita recortada e pr\u00e9-montada com o Bolt Clamp. N\u00e3o necessita de ferramenta especial, pode ser instalado com chave inglesa ou catraca.\" \/>\n<meta property=\"og:url\" content=\"https:\/\/fechometal.com\/br\/mounting-kit-fita-bolt-clamp\/\" \/>\n<meta property=\"og:site_name\" content=\"Fechometal Brasil\" \/>\n<meta property=\"article:publisher\" content=\"https:\/\/www.facebook.com\/fechometal\/\" \/>\n<meta property=\"article:modified_time\" content=\"2024-07-06T20:03:40+00:00\" \/>\n<meta property=\"og:image\" content=\"https:\/\/fechometal.com\/br\/wp-content\/uploads\/2023\/10\/mounting-kit.jpg\" \/>\n\t<meta property=\"og:image:width\" content=\"300\" \/>\n\t<meta property=\"og:image:height\" content=\"300\" \/>\n\t<meta property=\"og:image:type\" content=\"image\/jpeg\" \/>\n<meta name=\"twitter:card\" content=\"summary_large_image\" \/>\n<meta name=\"twitter:label1\" content=\"Est. tempo de leitura\" \/>\n\t<meta name=\"twitter:data1\" content=\"1 minuto\" \/>\n<script type=\"application\/ld+json\" class=\"yoast-schema-graph\">{\"@context\":\"https:\/\/schema.org\",\"@graph\":[{\"@type\":\"WebPage\",\"@id\":\"https:\/\/fechometal.com\/br\/mounting-kit-fita-bolt-clamp\/\",\"url\":\"https:\/\/fechometal.com\/br\/mounting-kit-fita-bolt-clamp\/\",\"name\":\"Mounting Kit (Fita recortada e pr\u00e9-montada com o Bolt Clamp) - Fechometal Brasil\",\"isPartOf\":{\"@id\":\"https:\/\/fechometal.com\/br\/#website\"},\"primaryImageOfPage\":{\"@id\":\"https:\/\/fechometal.com\/br\/mounting-kit-fita-bolt-clamp\/#primaryimage\"},\"image\":{\"@id\":\"https:\/\/fechometal.com\/br\/mounting-kit-fita-bolt-clamp\/#primaryimage\"},\"thumbnailUrl\":\"https:\/\/fechometal.com\/br\/wp-content\/uploads\/2023\/10\/mounting-kit.jpg\",\"datePublished\":\"2023-10-14T19:17:14+00:00\",\"dateModified\":\"2024-07-06T20:03:40+00:00\",\"description\":\"O mounting kit est\u00e1 pronto para uso, Fita recortada e pr\u00e9-montada com o Bolt Clamp. N\u00e3o necessita de ferramenta especial, pode ser instalado com chave inglesa ou catraca.\",\"breadcrumb\":{\"@id\":\"https:\/\/fechometal.com\/br\/mounting-kit-fita-bolt-clamp\/#breadcrumb\"},\"inLanguage\":\"pt-BR\",\"potentialAction\":[{\"@type\":\"ReadAction\",\"target\":[\"https:\/\/fechometal.com\/br\/mounting-kit-fita-bolt-clamp\/\"]}]},{\"@type\":\"ImageObject\",\"inLanguage\":\"pt-BR\",\"@id\":\"https:\/\/fechometal.com\/br\/mounting-kit-fita-bolt-clamp\/#primaryimage\",\"url\":\"https:\/\/fechometal.com\/br\/wp-content\/uploads\/2023\/10\/mounting-kit.jpg\",\"contentUrl\":\"https:\/\/fechometal.com\/br\/wp-content\/uploads\/2023\/10\/mounting-kit.jpg\",\"width\":300,\"height\":300,\"caption\":\"Pronto para usar, fita recortada e pr\u00e9-montada com o Bolt Clamp. N\u00e3o necessita de ferramenta especial, pode ser instalado apenas com chave inglesa ou catraca.\"},{\"@type\":\"BreadcrumbList\",\"@id\":\"https:\/\/fechometal.com\/br\/mounting-kit-fita-bolt-clamp\/#breadcrumb\",\"itemListElement\":[{\"@type\":\"ListItem\",\"position\":1,\"name\":\"Home\",\"item\":\"https:\/\/fechometal.com\/br\/\"},{\"@type\":\"ListItem\",\"position\":2,\"name\":\"Mounting Kit\"}]},{\"@type\":\"WebSite\",\"@id\":\"https:\/\/fechometal.com\/br\/#website\",\"url\":\"https:\/\/fechometal.com\/br\/\",\"name\":\"Fechometal Brasil\",\"description\":\"Fabricante de Fechos, Fitas e Abra\u00e7adeiras de A\u00e7o Inox\",\"publisher\":{\"@id\":\"https:\/\/fechometal.com\/br\/#organization\"},\"potentialAction\":[{\"@type\":\"SearchAction\",\"target\":{\"@type\":\"EntryPoint\",\"urlTemplate\":\"https:\/\/fechometal.com\/br\/?s={search_term_string}\"},\"query-input\":{\"@type\":\"PropertyValueSpecification\",\"valueRequired\":true,\"valueName\":\"search_term_string\"}}],\"inLanguage\":\"pt-BR\"},{\"@type\":\"Organization\",\"@id\":\"https:\/\/fechometal.com\/br\/#organization\",\"name\":\"Fechometal Brasil\",\"url\":\"https:\/\/fechometal.com\/br\/\",\"logo\":{\"@type\":\"ImageObject\",\"inLanguage\":\"pt-BR\",\"@id\":\"https:\/\/fechometal.com\/br\/#\/schema\/logo\/image\/\",\"url\":\"https:\/\/fechometal.com\/br\/wp-content\/uploads\/2023\/07\/logo-light1.png\",\"contentUrl\":\"https:\/\/fechometal.com\/br\/wp-content\/uploads\/2023\/07\/logo-light1.png\",\"width\":218,\"height\":100,\"caption\":\"Fechometal Brasil\"},\"image\":{\"@id\":\"https:\/\/fechometal.com\/br\/#\/schema\/logo\/image\/\"},\"sameAs\":[\"https:\/\/www.facebook.com\/fechometal\/\",\"https:\/\/www.youtube.com\/channel\/UCFYqfM6UApq1If6nCyhYJ4A\",\"https:\/\/www.instagram.com\/fechometal\/\"]}]}<\/script>\n<!-- \/ Yoast SEO Premium plugin. -->","yoast_head_json":{"title":"Mounting Kit (Fita recortada e pr\u00e9-montada com o Bolt Clamp) - Fechometal Brasil","description":"O mounting kit est\u00e1 pronto para uso, Fita recortada e pr\u00e9-montada com o Bolt Clamp. N\u00e3o necessita de ferramenta especial, pode ser instalado com chave inglesa ou catraca.","robots":{"index":"index","follow":"follow","max-snippet":"max-snippet:-1","max-image-preview":"max-image-preview:large","max-video-preview":"max-video-preview:-1"},"canonical":"https:\/\/fechometal.com\/br\/mounting-kit-fita-bolt-clamp\/","og_locale":"pt_BR","og_type":"article","og_title":"Mounting Kit (Fita recortada e pr\u00e9-montada com o Bolt Clamp) - Fechometal Brasil","og_description":"O mounting kit est\u00e1 pronto para uso, Fita recortada e pr\u00e9-montada com o Bolt Clamp. N\u00e3o necessita de ferramenta especial, pode ser instalado com chave inglesa ou catraca.","og_url":"https:\/\/fechometal.com\/br\/mounting-kit-fita-bolt-clamp\/","og_site_name":"Fechometal Brasil","article_publisher":"https:\/\/www.facebook.com\/fechometal\/","article_modified_time":"2024-07-06T20:03:40+00:00","og_image":[{"width":300,"height":300,"url":"https:\/\/fechometal.com\/br\/wp-content\/uploads\/2023\/10\/mounting-kit.jpg","type":"image\/jpeg"}],"twitter_card":"summary_large_image","twitter_misc":{"Est. tempo de leitura":"1 minuto"},"schema":{"@context":"https:\/\/schema.org","@graph":[{"@type":"WebPage","@id":"https:\/\/fechometal.com\/br\/mounting-kit-fita-bolt-clamp\/","url":"https:\/\/fechometal.com\/br\/mounting-kit-fita-bolt-clamp\/","name":"Mounting Kit (Fita recortada e pr\u00e9-montada com o Bolt Clamp) - Fechometal Brasil","isPartOf":{"@id":"https:\/\/fechometal.com\/br\/#website"},"primaryImageOfPage":{"@id":"https:\/\/fechometal.com\/br\/mounting-kit-fita-bolt-clamp\/#primaryimage"},"image":{"@id":"https:\/\/fechometal.com\/br\/mounting-kit-fita-bolt-clamp\/#primaryimage"},"thumbnailUrl":"https:\/\/fechometal.com\/br\/wp-content\/uploads\/2023\/10\/mounting-kit.jpg","datePublished":"2023-10-14T19:17:14+00:00","dateModified":"2024-07-06T20:03:40+00:00","description":"O mounting kit est\u00e1 pronto para uso, Fita recortada e pr\u00e9-montada com o Bolt Clamp. N\u00e3o necessita de ferramenta especial, pode ser instalado com chave inglesa ou catraca.","breadcrumb":{"@id":"https:\/\/fechometal.com\/br\/mounting-kit-fita-bolt-clamp\/#breadcrumb"},"inLanguage":"pt-BR","potentialAction":[{"@type":"ReadAction","target":["https:\/\/fechometal.com\/br\/mounting-kit-fita-bolt-clamp\/"]}]},{"@type":"ImageObject","inLanguage":"pt-BR","@id":"https:\/\/fechometal.com\/br\/mounting-kit-fita-bolt-clamp\/#primaryimage","url":"https:\/\/fechometal.com\/br\/wp-content\/uploads\/2023\/10\/mounting-kit.jpg","contentUrl":"https:\/\/fechometal.com\/br\/wp-content\/uploads\/2023\/10\/mounting-kit.jpg","width":300,"height":300,"caption":"Pronto para usar, fita recortada e pr\u00e9-montada com o Bolt Clamp. N\u00e3o necessita de ferramenta especial, pode ser instalado apenas com chave inglesa ou catraca."},{"@type":"BreadcrumbList","@id":"https:\/\/fechometal.com\/br\/mounting-kit-fita-bolt-clamp\/#breadcrumb","itemListElement":[{"@type":"ListItem","position":1,"name":"Home","item":"https:\/\/fechometal.com\/br\/"},{"@type":"ListItem","position":2,"name":"Mounting Kit"}]},{"@type":"WebSite","@id":"https:\/\/fechometal.com\/br\/#website","url":"https:\/\/fechometal.com\/br\/","name":"Fechometal Brasil","description":"Fabricante de Fechos, Fitas e Abra\u00e7adeiras de A\u00e7o Inox","publisher":{"@id":"https:\/\/fechometal.com\/br\/#organization"},"potentialAction":[{"@type":"SearchAction","target":{"@type":"EntryPoint","urlTemplate":"https:\/\/fechometal.com\/br\/?s={search_term_string}"},"query-input":{"@type":"PropertyValueSpecification","valueRequired":true,"valueName":"search_term_string"}}],"inLanguage":"pt-BR"},{"@type":"Organization","@id":"https:\/\/fechometal.com\/br\/#organization","name":"Fechometal Brasil","url":"https:\/\/fechometal.com\/br\/","logo":{"@type":"ImageObject","inLanguage":"pt-BR","@id":"https:\/\/fechometal.com\/br\/#\/schema\/logo\/image\/","url":"https:\/\/fechometal.com\/br\/wp-content\/uploads\/2023\/07\/logo-light1.png","contentUrl":"https:\/\/fechometal.com\/br\/wp-content\/uploads\/2023\/07\/logo-light1.png","width":218,"height":100,"caption":"Fechometal Brasil"},"image":{"@id":"https:\/\/fechometal.com\/br\/#\/schema\/logo\/image\/"},"sameAs":["https:\/\/www.facebook.com\/fechometal\/","https:\/\/www.youtube.com\/channel\/UCFYqfM6UApq1If6nCyhYJ4A","https:\/\/www.instagram.com\/fechometal\/"]}]}},"_links":{"self":[{"href":"https:\/\/fechometal.com\/br\/wp-json\/wp\/v2\/pages\/1351","targetHints":{"allow":["GET"]}}],"collection":[{"href":"https:\/\/fechometal.com\/br\/wp-json\/wp\/v2\/pages"}],"about":[{"href":"https:\/\/fechometal.com\/br\/wp-json\/wp\/v2\/types\/page"}],"author":[{"embeddable":true,"href":"https:\/\/fechometal.com\/br\/wp-json\/wp\/v2\/users\/1"}],"replies":[{"embeddable":true,"href":"https:\/\/fechometal.com\/br\/wp-json\/wp\/v2\/comments?post=1351"}],"version-history":[{"count":1,"href":"https:\/\/fechometal.com\/br\/wp-json\/wp\/v2\/pages\/1351\/revisions"}],"predecessor-version":[{"id":1361,"href":"https:\/\/fechometal.com\/br\/wp-json\/wp\/v2\/pages\/1351\/revisions\/1361"}],"wp:featuredmedia":[{"embeddable":true,"href":"https:\/\/fechometal.com\/br\/wp-json\/wp\/v2\/media\/1231"}],"wp:attachment":[{"href":"https:\/\/fechometal.com\/br\/wp-json\/wp\/v2\/media?parent=1351"}],"curies":[{"name":"wp","href":"https:\/\/api.w.org\/{rel}","templated":true}]}}