{"id":1340,"date":"2023-10-14T19:16:16","date_gmt":"2023-10-14T19:16:16","guid":{"rendered":"https:\/\/fechometal.com\/br\/?page_id=1340"},"modified":"2024-05-26T17:54:02","modified_gmt":"2024-05-26T17:54:02","slug":"fita-aco-perfurada","status":"publish","type":"page","link":"https:\/\/fechometal.com\/br\/fita-aco-perfurada\/","title":{"rendered":"Fita Perfurada"},"content":{"rendered":"","protected":false},"excerpt":{"rendered":"","protected":false},"author":1,"featured_media":1222,"parent":0,"menu_order":0,"comment_status":"closed","ping_status":"closed","template":"","meta":{"content-type":"","_joinchat":[],"footnotes":""},"class_list":["post-1340","page","type-page","status-publish","has-post-thumbnail","hentry"],"yoast_head":"<!-- This site is optimized with the Yoast SEO Premium plugin v26.8 (Yoast SEO v24.8.1) - https:\/\/yoast.com\/wordpress\/plugins\/seo\/ -->\n<title>Fita de A\u00e7o Perfurada - Fechometal Brasil<\/title>\n<meta name=\"description\" content=\"A Fita de a\u00e7o Perfurada \u00e9 de f\u00e1cil aplica\u00e7\u00e3o com ferramentas manuais comuns. Pode ser revestida em poli\u00e9ster, ep\u00f3xi ou nylon 11.\" \/>\n<meta name=\"robots\" content=\"index, follow, max-snippet:-1, max-image-preview:large, max-video-preview:-1\" \/>\n<link rel=\"canonical\" href=\"https:\/\/fechometal.com\/br\/fita-aco-perfurada\/\" \/>\n<meta property=\"og:locale\" content=\"pt_BR\" \/>\n<meta property=\"og:type\" content=\"article\" \/>\n<meta property=\"og:title\" content=\"Fita de A\u00e7o Perfurada - Fechometal Brasil\" \/>\n<meta property=\"og:description\" content=\"A Fita de a\u00e7o Perfurada \u00e9 de f\u00e1cil aplica\u00e7\u00e3o com ferramentas manuais comuns. Pode ser revestida em poli\u00e9ster, ep\u00f3xi ou nylon 11.\" \/>\n<meta property=\"og:url\" content=\"https:\/\/fechometal.com\/br\/fita-aco-perfurada\/\" \/>\n<meta property=\"og:site_name\" content=\"Fechometal Brasil\" \/>\n<meta property=\"article:publisher\" content=\"https:\/\/www.facebook.com\/fechometal\/\" \/>\n<meta property=\"article:modified_time\" content=\"2024-05-26T17:54:02+00:00\" \/>\n<meta property=\"og:image\" content=\"https:\/\/fechometal.com\/br\/wp-content\/uploads\/2023\/10\/purpose-Perforated-Band.jpg\" \/>\n\t<meta property=\"og:image:width\" content=\"300\" \/>\n\t<meta property=\"og:image:height\" content=\"300\" \/>\n\t<meta property=\"og:image:type\" content=\"image\/jpeg\" \/>\n<meta name=\"twitter:card\" content=\"summary_large_image\" \/>\n<meta name=\"twitter:label1\" content=\"Est. tempo de leitura\" \/>\n\t<meta name=\"twitter:data1\" content=\"1 minuto\" \/>\n<script type=\"application\/ld+json\" class=\"yoast-schema-graph\">{\"@context\":\"https:\/\/schema.org\",\"@graph\":[{\"@type\":\"WebPage\",\"@id\":\"https:\/\/fechometal.com\/br\/fita-aco-perfurada\/\",\"url\":\"https:\/\/fechometal.com\/br\/fita-aco-perfurada\/\",\"name\":\"Fita de A\u00e7o Perfurada - Fechometal Brasil\",\"isPartOf\":{\"@id\":\"https:\/\/fechometal.com\/br\/#website\"},\"primaryImageOfPage\":{\"@id\":\"https:\/\/fechometal.com\/br\/fita-aco-perfurada\/#primaryimage\"},\"image\":{\"@id\":\"https:\/\/fechometal.com\/br\/fita-aco-perfurada\/#primaryimage\"},\"thumbnailUrl\":\"https:\/\/fechometal.com\/br\/wp-content\/uploads\/2023\/10\/purpose-Perforated-Band.jpg\",\"datePublished\":\"2023-10-14T19:16:16+00:00\",\"dateModified\":\"2024-05-26T17:54:02+00:00\",\"description\":\"A Fita de a\u00e7o Perfurada \u00e9 de f\u00e1cil aplica\u00e7\u00e3o com ferramentas manuais comuns. Pode ser revestida em poli\u00e9ster, ep\u00f3xi ou nylon 11.\",\"breadcrumb\":{\"@id\":\"https:\/\/fechometal.com\/br\/fita-aco-perfurada\/#breadcrumb\"},\"inLanguage\":\"pt-BR\",\"potentialAction\":[{\"@type\":\"ReadAction\",\"target\":[\"https:\/\/fechometal.com\/br\/fita-aco-perfurada\/\"]}]},{\"@type\":\"ImageObject\",\"inLanguage\":\"pt-BR\",\"@id\":\"https:\/\/fechometal.com\/br\/fita-aco-perfurada\/#primaryimage\",\"url\":\"https:\/\/fechometal.com\/br\/wp-content\/uploads\/2023\/10\/purpose-Perforated-Band.jpg\",\"contentUrl\":\"https:\/\/fechometal.com\/br\/wp-content\/uploads\/2023\/10\/purpose-Perforated-Band.jpg\",\"width\":300,\"height\":300,\"caption\":\"De f\u00e1cil aplica\u00e7\u00e3o, n\u00e3o necessita de ferramenta especial. E ainda pode ser revestida com poli\u00e9ster ou nylon 11.\"},{\"@type\":\"BreadcrumbList\",\"@id\":\"https:\/\/fechometal.com\/br\/fita-aco-perfurada\/#breadcrumb\",\"itemListElement\":[{\"@type\":\"ListItem\",\"position\":1,\"name\":\"Home\",\"item\":\"https:\/\/fechometal.com\/br\/\"},{\"@type\":\"ListItem\",\"position\":2,\"name\":\"Fita Perfurada\"}]},{\"@type\":\"WebSite\",\"@id\":\"https:\/\/fechometal.com\/br\/#website\",\"url\":\"https:\/\/fechometal.com\/br\/\",\"name\":\"Fechometal Brasil\",\"description\":\"Fabricante de Fechos, Fitas e Abra\u00e7adeiras de A\u00e7o Inox\",\"publisher\":{\"@id\":\"https:\/\/fechometal.com\/br\/#organization\"},\"potentialAction\":[{\"@type\":\"SearchAction\",\"target\":{\"@type\":\"EntryPoint\",\"urlTemplate\":\"https:\/\/fechometal.com\/br\/?s={search_term_string}\"},\"query-input\":{\"@type\":\"PropertyValueSpecification\",\"valueRequired\":true,\"valueName\":\"search_term_string\"}}],\"inLanguage\":\"pt-BR\"},{\"@type\":\"Organization\",\"@id\":\"https:\/\/fechometal.com\/br\/#organization\",\"name\":\"Fechometal Brasil\",\"url\":\"https:\/\/fechometal.com\/br\/\",\"logo\":{\"@type\":\"ImageObject\",\"inLanguage\":\"pt-BR\",\"@id\":\"https:\/\/fechometal.com\/br\/#\/schema\/logo\/image\/\",\"url\":\"https:\/\/fechometal.com\/br\/wp-content\/uploads\/2023\/07\/logo-light1.png\",\"contentUrl\":\"https:\/\/fechometal.com\/br\/wp-content\/uploads\/2023\/07\/logo-light1.png\",\"width\":218,\"height\":100,\"caption\":\"Fechometal Brasil\"},\"image\":{\"@id\":\"https:\/\/fechometal.com\/br\/#\/schema\/logo\/image\/\"},\"sameAs\":[\"https:\/\/www.facebook.com\/fechometal\/\",\"https:\/\/www.youtube.com\/channel\/UCFYqfM6UApq1If6nCyhYJ4A\",\"https:\/\/www.instagram.com\/fechometal\/\"]}]}<\/script>\n<!-- \/ Yoast SEO Premium plugin. -->","yoast_head_json":{"title":"Fita de A\u00e7o Perfurada - Fechometal Brasil","description":"A Fita de a\u00e7o Perfurada \u00e9 de f\u00e1cil aplica\u00e7\u00e3o com ferramentas manuais comuns. Pode ser revestida em poli\u00e9ster, ep\u00f3xi ou nylon 11.","robots":{"index":"index","follow":"follow","max-snippet":"max-snippet:-1","max-image-preview":"max-image-preview:large","max-video-preview":"max-video-preview:-1"},"canonical":"https:\/\/fechometal.com\/br\/fita-aco-perfurada\/","og_locale":"pt_BR","og_type":"article","og_title":"Fita de A\u00e7o Perfurada - Fechometal Brasil","og_description":"A Fita de a\u00e7o Perfurada \u00e9 de f\u00e1cil aplica\u00e7\u00e3o com ferramentas manuais comuns. Pode ser revestida em poli\u00e9ster, ep\u00f3xi ou nylon 11.","og_url":"https:\/\/fechometal.com\/br\/fita-aco-perfurada\/","og_site_name":"Fechometal Brasil","article_publisher":"https:\/\/www.facebook.com\/fechometal\/","article_modified_time":"2024-05-26T17:54:02+00:00","og_image":[{"width":300,"height":300,"url":"https:\/\/fechometal.com\/br\/wp-content\/uploads\/2023\/10\/purpose-Perforated-Band.jpg","type":"image\/jpeg"}],"twitter_card":"summary_large_image","twitter_misc":{"Est. tempo de leitura":"1 minuto"},"schema":{"@context":"https:\/\/schema.org","@graph":[{"@type":"WebPage","@id":"https:\/\/fechometal.com\/br\/fita-aco-perfurada\/","url":"https:\/\/fechometal.com\/br\/fita-aco-perfurada\/","name":"Fita de A\u00e7o Perfurada - Fechometal Brasil","isPartOf":{"@id":"https:\/\/fechometal.com\/br\/#website"},"primaryImageOfPage":{"@id":"https:\/\/fechometal.com\/br\/fita-aco-perfurada\/#primaryimage"},"image":{"@id":"https:\/\/fechometal.com\/br\/fita-aco-perfurada\/#primaryimage"},"thumbnailUrl":"https:\/\/fechometal.com\/br\/wp-content\/uploads\/2023\/10\/purpose-Perforated-Band.jpg","datePublished":"2023-10-14T19:16:16+00:00","dateModified":"2024-05-26T17:54:02+00:00","description":"A Fita de a\u00e7o Perfurada \u00e9 de f\u00e1cil aplica\u00e7\u00e3o com ferramentas manuais comuns. Pode ser revestida em poli\u00e9ster, ep\u00f3xi ou nylon 11.","breadcrumb":{"@id":"https:\/\/fechometal.com\/br\/fita-aco-perfurada\/#breadcrumb"},"inLanguage":"pt-BR","potentialAction":[{"@type":"ReadAction","target":["https:\/\/fechometal.com\/br\/fita-aco-perfurada\/"]}]},{"@type":"ImageObject","inLanguage":"pt-BR","@id":"https:\/\/fechometal.com\/br\/fita-aco-perfurada\/#primaryimage","url":"https:\/\/fechometal.com\/br\/wp-content\/uploads\/2023\/10\/purpose-Perforated-Band.jpg","contentUrl":"https:\/\/fechometal.com\/br\/wp-content\/uploads\/2023\/10\/purpose-Perforated-Band.jpg","width":300,"height":300,"caption":"De f\u00e1cil aplica\u00e7\u00e3o, n\u00e3o necessita de ferramenta especial. E ainda pode ser revestida com poli\u00e9ster ou nylon 11."},{"@type":"BreadcrumbList","@id":"https:\/\/fechometal.com\/br\/fita-aco-perfurada\/#breadcrumb","itemListElement":[{"@type":"ListItem","position":1,"name":"Home","item":"https:\/\/fechometal.com\/br\/"},{"@type":"ListItem","position":2,"name":"Fita Perfurada"}]},{"@type":"WebSite","@id":"https:\/\/fechometal.com\/br\/#website","url":"https:\/\/fechometal.com\/br\/","name":"Fechometal Brasil","description":"Fabricante de Fechos, Fitas e Abra\u00e7adeiras de A\u00e7o Inox","publisher":{"@id":"https:\/\/fechometal.com\/br\/#organization"},"potentialAction":[{"@type":"SearchAction","target":{"@type":"EntryPoint","urlTemplate":"https:\/\/fechometal.com\/br\/?s={search_term_string}"},"query-input":{"@type":"PropertyValueSpecification","valueRequired":true,"valueName":"search_term_string"}}],"inLanguage":"pt-BR"},{"@type":"Organization","@id":"https:\/\/fechometal.com\/br\/#organization","name":"Fechometal Brasil","url":"https:\/\/fechometal.com\/br\/","logo":{"@type":"ImageObject","inLanguage":"pt-BR","@id":"https:\/\/fechometal.com\/br\/#\/schema\/logo\/image\/","url":"https:\/\/fechometal.com\/br\/wp-content\/uploads\/2023\/07\/logo-light1.png","contentUrl":"https:\/\/fechometal.com\/br\/wp-content\/uploads\/2023\/07\/logo-light1.png","width":218,"height":100,"caption":"Fechometal Brasil"},"image":{"@id":"https:\/\/fechometal.com\/br\/#\/schema\/logo\/image\/"},"sameAs":["https:\/\/www.facebook.com\/fechometal\/","https:\/\/www.youtube.com\/channel\/UCFYqfM6UApq1If6nCyhYJ4A","https:\/\/www.instagram.com\/fechometal\/"]}]}},"_links":{"self":[{"href":"https:\/\/fechometal.com\/br\/wp-json\/wp\/v2\/pages\/1340","targetHints":{"allow":["GET"]}}],"collection":[{"href":"https:\/\/fechometal.com\/br\/wp-json\/wp\/v2\/pages"}],"about":[{"href":"https:\/\/fechometal.com\/br\/wp-json\/wp\/v2\/types\/page"}],"author":[{"embeddable":true,"href":"https:\/\/fechometal.com\/br\/wp-json\/wp\/v2\/users\/1"}],"replies":[{"embeddable":true,"href":"https:\/\/fechometal.com\/br\/wp-json\/wp\/v2\/comments?post=1340"}],"version-history":[{"count":3,"href":"https:\/\/fechometal.com\/br\/wp-json\/wp\/v2\/pages\/1340\/revisions"}],"predecessor-version":[{"id":2479,"href":"https:\/\/fechometal.com\/br\/wp-json\/wp\/v2\/pages\/1340\/revisions\/2479"}],"wp:featuredmedia":[{"embeddable":true,"href":"https:\/\/fechometal.com\/br\/wp-json\/wp\/v2\/media\/1222"}],"wp:attachment":[{"href":"https:\/\/fechometal.com\/br\/wp-json\/wp\/v2\/media?parent=1340"}],"curies":[{"name":"wp","href":"https:\/\/api.w.org\/{rel}","templated":true}]}}