{"id":1293,"date":"2023-10-14T19:11:11","date_gmt":"2023-10-14T19:11:11","guid":{"rendered":"https:\/\/fechometal.com\/br\/?page_id=1293"},"modified":"2024-05-18T13:56:44","modified_gmt":"2024-05-18T13:56:44","slug":"abracadeiras-ladder-multi-lock-aco-inox","status":"publish","type":"page","link":"https:\/\/fechometal.com\/br\/abracadeiras-ladder-multi-lock-aco-inox\/","title":{"rendered":"Abra\u00e7adeira Ladder"},"content":{"rendered":"","protected":false},"excerpt":{"rendered":"","protected":false},"author":1,"featured_media":498,"parent":0,"menu_order":0,"comment_status":"closed","ping_status":"closed","template":"","meta":{"content-type":"","_joinchat":[],"footnotes":""},"class_list":["post-1293","page","type-page","status-publish","has-post-thumbnail","hentry"],"yoast_head":"<!-- This site is optimized with the Yoast SEO Premium plugin v27.4 (Yoast SEO v24.8.1) - https:\/\/yoast.com\/wordpress\/plugins\/seo\/ -->\n<title>Abra\u00e7adeira Ladder (Multi-Lock) - Fechometal Brasil<\/title>\n<meta name=\"description\" content=\"As Abra\u00e7adeiras Ladder s\u00e3o de f\u00e1cil aplica\u00e7\u00e3o e est\u00e3o dispon\u00edveis em a\u00e7o inox 430, 304 ou 316 com possibilidade de revestimentos em poli\u00e9ster ou Epoxy\" \/>\n<meta name=\"robots\" content=\"index, follow, max-snippet:-1, max-image-preview:large, max-video-preview:-1\" \/>\n<link rel=\"canonical\" href=\"https:\/\/fechometal.com\/br\/abracadeiras-ladder-multi-lock-aco-inox\/\" \/>\n<meta property=\"og:locale\" content=\"pt_BR\" \/>\n<meta property=\"og:type\" content=\"article\" \/>\n<meta property=\"og:title\" content=\"Abra\u00e7adeira Ladder (Multi-Lock) - Fechometal Brasil\" \/>\n<meta property=\"og:description\" content=\"As Abra\u00e7adeiras Ladder s\u00e3o de f\u00e1cil aplica\u00e7\u00e3o e est\u00e3o dispon\u00edveis em a\u00e7o inox 430, 304 ou 316 com possibilidade de revestimentos em poli\u00e9ster ou Epoxy\" \/>\n<meta property=\"og:url\" content=\"https:\/\/fechometal.com\/br\/abracadeiras-ladder-multi-lock-aco-inox\/\" \/>\n<meta property=\"og:site_name\" content=\"Fechometal Brasil\" \/>\n<meta property=\"article:publisher\" content=\"https:\/\/www.facebook.com\/fechometal\/\" \/>\n<meta property=\"article:modified_time\" content=\"2024-05-18T13:56:44+00:00\" \/>\n<meta property=\"og:image\" content=\"https:\/\/fechometal.com\/br\/wp-content\/uploads\/2023\/08\/prod_abracadeira4.jpg\" \/>\n\t<meta property=\"og:image:width\" content=\"300\" \/>\n\t<meta property=\"og:image:height\" content=\"300\" \/>\n\t<meta property=\"og:image:type\" content=\"image\/jpeg\" \/>\n<meta name=\"twitter:card\" content=\"summary_large_image\" \/>\n<meta name=\"twitter:label1\" content=\"Est. tempo de leitura\" \/>\n\t<meta name=\"twitter:data1\" content=\"1 minuto\" \/>\n<script type=\"application\/ld+json\" class=\"yoast-schema-graph\">{\"@context\":\"https:\/\/schema.org\",\"@graph\":[{\"@type\":\"WebPage\",\"@id\":\"https:\/\/fechometal.com\/br\/abracadeiras-ladder-multi-lock-aco-inox\/\",\"url\":\"https:\/\/fechometal.com\/br\/abracadeiras-ladder-multi-lock-aco-inox\/\",\"name\":\"Abra\u00e7adeira Ladder (Multi-Lock) - Fechometal Brasil\",\"isPartOf\":{\"@id\":\"https:\/\/fechometal.com\/br\/#website\"},\"primaryImageOfPage\":{\"@id\":\"https:\/\/fechometal.com\/br\/abracadeiras-ladder-multi-lock-aco-inox\/#primaryimage\"},\"image\":{\"@id\":\"https:\/\/fechometal.com\/br\/abracadeiras-ladder-multi-lock-aco-inox\/#primaryimage\"},\"thumbnailUrl\":\"https:\/\/fechometal.com\/br\/wp-content\/uploads\/2023\/08\/prod_abracadeira4.jpg\",\"datePublished\":\"2023-10-14T19:11:11+00:00\",\"dateModified\":\"2024-05-18T13:56:44+00:00\",\"description\":\"As Abra\u00e7adeiras Ladder s\u00e3o de f\u00e1cil aplica\u00e7\u00e3o e est\u00e3o dispon\u00edveis em a\u00e7o inox 430, 304 ou 316 com possibilidade de revestimentos em poli\u00e9ster ou Epoxy\",\"breadcrumb\":{\"@id\":\"https:\/\/fechometal.com\/br\/abracadeiras-ladder-multi-lock-aco-inox\/#breadcrumb\"},\"inLanguage\":\"pt-BR\",\"potentialAction\":[{\"@type\":\"ReadAction\",\"target\":[\"https:\/\/fechometal.com\/br\/abracadeiras-ladder-multi-lock-aco-inox\/\"]}]},{\"@type\":\"ImageObject\",\"inLanguage\":\"pt-BR\",\"@id\":\"https:\/\/fechometal.com\/br\/abracadeiras-ladder-multi-lock-aco-inox\/#primaryimage\",\"url\":\"https:\/\/fechometal.com\/br\/wp-content\/uploads\/2023\/08\/prod_abracadeira4.jpg\",\"contentUrl\":\"https:\/\/fechometal.com\/br\/wp-content\/uploads\/2023\/08\/prod_abracadeira4.jpg\",\"width\":300,\"height\":300,\"caption\":\"Abra\u00e7adeira em a\u00e7o inox de f\u00e1cil e r\u00e1pida aplica\u00e7\u00e3o, possui exclusivo sistema de travamento m\u00faltiplo com for\u00e7a de tra\u00e7\u00e3o de at\u00e9 100kgf. Dispon\u00edveis em A\u00e7o Inox 304 ou 316 com possibilidade de revestimentos em poli\u00e9ster ou nylon 11.\"},{\"@type\":\"BreadcrumbList\",\"@id\":\"https:\/\/fechometal.com\/br\/abracadeiras-ladder-multi-lock-aco-inox\/#breadcrumb\",\"itemListElement\":[{\"@type\":\"ListItem\",\"position\":1,\"name\":\"Home\",\"item\":\"https:\/\/fechometal.com\/br\/\"},{\"@type\":\"ListItem\",\"position\":2,\"name\":\"Abra\u00e7adeira Ladder\"}]},{\"@type\":\"WebSite\",\"@id\":\"https:\/\/fechometal.com\/br\/#website\",\"url\":\"https:\/\/fechometal.com\/br\/\",\"name\":\"Fechometal Brasil\",\"description\":\"Fabricante de Fechos, Fitas e Abra\u00e7adeiras de A\u00e7o Inox\",\"publisher\":{\"@id\":\"https:\/\/fechometal.com\/br\/#organization\"},\"potentialAction\":[{\"@type\":\"SearchAction\",\"target\":{\"@type\":\"EntryPoint\",\"urlTemplate\":\"https:\/\/fechometal.com\/br\/?s={search_term_string}\"},\"query-input\":{\"@type\":\"PropertyValueSpecification\",\"valueRequired\":true,\"valueName\":\"search_term_string\"}}],\"inLanguage\":\"pt-BR\"},{\"@type\":\"Organization\",\"@id\":\"https:\/\/fechometal.com\/br\/#organization\",\"name\":\"Fechometal Brasil\",\"url\":\"https:\/\/fechometal.com\/br\/\",\"logo\":{\"@type\":\"ImageObject\",\"inLanguage\":\"pt-BR\",\"@id\":\"https:\/\/fechometal.com\/br\/#\/schema\/logo\/image\/\",\"url\":\"https:\/\/fechometal.com\/br\/wp-content\/uploads\/2023\/07\/logo-light1.png\",\"contentUrl\":\"https:\/\/fechometal.com\/br\/wp-content\/uploads\/2023\/07\/logo-light1.png\",\"width\":218,\"height\":100,\"caption\":\"Fechometal Brasil\"},\"image\":{\"@id\":\"https:\/\/fechometal.com\/br\/#\/schema\/logo\/image\/\"},\"sameAs\":[\"https:\/\/www.facebook.com\/fechometal\/\",\"https:\/\/www.youtube.com\/channel\/UCFYqfM6UApq1If6nCyhYJ4A\",\"https:\/\/www.instagram.com\/fechometal\/\"]}]}<\/script>\n<!-- \/ Yoast SEO Premium plugin. -->","yoast_head_json":{"title":"Abra\u00e7adeira Ladder (Multi-Lock) - Fechometal Brasil","description":"As Abra\u00e7adeiras Ladder s\u00e3o de f\u00e1cil aplica\u00e7\u00e3o e est\u00e3o dispon\u00edveis em a\u00e7o inox 430, 304 ou 316 com possibilidade de revestimentos em poli\u00e9ster ou Epoxy","robots":{"index":"index","follow":"follow","max-snippet":"max-snippet:-1","max-image-preview":"max-image-preview:large","max-video-preview":"max-video-preview:-1"},"canonical":"https:\/\/fechometal.com\/br\/abracadeiras-ladder-multi-lock-aco-inox\/","og_locale":"pt_BR","og_type":"article","og_title":"Abra\u00e7adeira Ladder (Multi-Lock) - Fechometal Brasil","og_description":"As Abra\u00e7adeiras Ladder s\u00e3o de f\u00e1cil aplica\u00e7\u00e3o e est\u00e3o dispon\u00edveis em a\u00e7o inox 430, 304 ou 316 com possibilidade de revestimentos em poli\u00e9ster ou Epoxy","og_url":"https:\/\/fechometal.com\/br\/abracadeiras-ladder-multi-lock-aco-inox\/","og_site_name":"Fechometal Brasil","article_publisher":"https:\/\/www.facebook.com\/fechometal\/","article_modified_time":"2024-05-18T13:56:44+00:00","og_image":[{"width":300,"height":300,"url":"https:\/\/fechometal.com\/br\/wp-content\/uploads\/2023\/08\/prod_abracadeira4.jpg","type":"image\/jpeg"}],"twitter_card":"summary_large_image","twitter_misc":{"Est. tempo de leitura":"1 minuto"},"schema":{"@context":"https:\/\/schema.org","@graph":[{"@type":"WebPage","@id":"https:\/\/fechometal.com\/br\/abracadeiras-ladder-multi-lock-aco-inox\/","url":"https:\/\/fechometal.com\/br\/abracadeiras-ladder-multi-lock-aco-inox\/","name":"Abra\u00e7adeira Ladder (Multi-Lock) - Fechometal Brasil","isPartOf":{"@id":"https:\/\/fechometal.com\/br\/#website"},"primaryImageOfPage":{"@id":"https:\/\/fechometal.com\/br\/abracadeiras-ladder-multi-lock-aco-inox\/#primaryimage"},"image":{"@id":"https:\/\/fechometal.com\/br\/abracadeiras-ladder-multi-lock-aco-inox\/#primaryimage"},"thumbnailUrl":"https:\/\/fechometal.com\/br\/wp-content\/uploads\/2023\/08\/prod_abracadeira4.jpg","datePublished":"2023-10-14T19:11:11+00:00","dateModified":"2024-05-18T13:56:44+00:00","description":"As Abra\u00e7adeiras Ladder s\u00e3o de f\u00e1cil aplica\u00e7\u00e3o e est\u00e3o dispon\u00edveis em a\u00e7o inox 430, 304 ou 316 com possibilidade de revestimentos em poli\u00e9ster ou Epoxy","breadcrumb":{"@id":"https:\/\/fechometal.com\/br\/abracadeiras-ladder-multi-lock-aco-inox\/#breadcrumb"},"inLanguage":"pt-BR","potentialAction":[{"@type":"ReadAction","target":["https:\/\/fechometal.com\/br\/abracadeiras-ladder-multi-lock-aco-inox\/"]}]},{"@type":"ImageObject","inLanguage":"pt-BR","@id":"https:\/\/fechometal.com\/br\/abracadeiras-ladder-multi-lock-aco-inox\/#primaryimage","url":"https:\/\/fechometal.com\/br\/wp-content\/uploads\/2023\/08\/prod_abracadeira4.jpg","contentUrl":"https:\/\/fechometal.com\/br\/wp-content\/uploads\/2023\/08\/prod_abracadeira4.jpg","width":300,"height":300,"caption":"Abra\u00e7adeira em a\u00e7o inox de f\u00e1cil e r\u00e1pida aplica\u00e7\u00e3o, possui exclusivo sistema de travamento m\u00faltiplo com for\u00e7a de tra\u00e7\u00e3o de at\u00e9 100kgf. Dispon\u00edveis em A\u00e7o Inox 304 ou 316 com possibilidade de revestimentos em poli\u00e9ster ou nylon 11."},{"@type":"BreadcrumbList","@id":"https:\/\/fechometal.com\/br\/abracadeiras-ladder-multi-lock-aco-inox\/#breadcrumb","itemListElement":[{"@type":"ListItem","position":1,"name":"Home","item":"https:\/\/fechometal.com\/br\/"},{"@type":"ListItem","position":2,"name":"Abra\u00e7adeira Ladder"}]},{"@type":"WebSite","@id":"https:\/\/fechometal.com\/br\/#website","url":"https:\/\/fechometal.com\/br\/","name":"Fechometal Brasil","description":"Fabricante de Fechos, Fitas e Abra\u00e7adeiras de A\u00e7o Inox","publisher":{"@id":"https:\/\/fechometal.com\/br\/#organization"},"potentialAction":[{"@type":"SearchAction","target":{"@type":"EntryPoint","urlTemplate":"https:\/\/fechometal.com\/br\/?s={search_term_string}"},"query-input":{"@type":"PropertyValueSpecification","valueRequired":true,"valueName":"search_term_string"}}],"inLanguage":"pt-BR"},{"@type":"Organization","@id":"https:\/\/fechometal.com\/br\/#organization","name":"Fechometal Brasil","url":"https:\/\/fechometal.com\/br\/","logo":{"@type":"ImageObject","inLanguage":"pt-BR","@id":"https:\/\/fechometal.com\/br\/#\/schema\/logo\/image\/","url":"https:\/\/fechometal.com\/br\/wp-content\/uploads\/2023\/07\/logo-light1.png","contentUrl":"https:\/\/fechometal.com\/br\/wp-content\/uploads\/2023\/07\/logo-light1.png","width":218,"height":100,"caption":"Fechometal Brasil"},"image":{"@id":"https:\/\/fechometal.com\/br\/#\/schema\/logo\/image\/"},"sameAs":["https:\/\/www.facebook.com\/fechometal\/","https:\/\/www.youtube.com\/channel\/UCFYqfM6UApq1If6nCyhYJ4A","https:\/\/www.instagram.com\/fechometal\/"]}]}},"_links":{"self":[{"href":"https:\/\/fechometal.com\/br\/wp-json\/wp\/v2\/pages\/1293","targetHints":{"allow":["GET"]}}],"collection":[{"href":"https:\/\/fechometal.com\/br\/wp-json\/wp\/v2\/pages"}],"about":[{"href":"https:\/\/fechometal.com\/br\/wp-json\/wp\/v2\/types\/page"}],"author":[{"embeddable":true,"href":"https:\/\/fechometal.com\/br\/wp-json\/wp\/v2\/users\/1"}],"replies":[{"embeddable":true,"href":"https:\/\/fechometal.com\/br\/wp-json\/wp\/v2\/comments?post=1293"}],"version-history":[{"count":3,"href":"https:\/\/fechometal.com\/br\/wp-json\/wp\/v2\/pages\/1293\/revisions"}],"predecessor-version":[{"id":2450,"href":"https:\/\/fechometal.com\/br\/wp-json\/wp\/v2\/pages\/1293\/revisions\/2450"}],"wp:featuredmedia":[{"embeddable":true,"href":"https:\/\/fechometal.com\/br\/wp-json\/wp\/v2\/media\/498"}],"wp:attachment":[{"href":"https:\/\/fechometal.com\/br\/wp-json\/wp\/v2\/media?parent=1293"}],"curies":[{"name":"wp","href":"https:\/\/api.w.org\/{rel}","templated":true}]}}